{"id":10,"date":"2019-09-04T16:14:17","date_gmt":"2019-09-04T14:14:17","guid":{"rendered":"http:\/\/www.ibu.pub\/?page_id=10"},"modified":"2019-09-05T14:27:09","modified_gmt":"2019-09-05T12:27:09","slug":"kontakt","status":"publish","type":"page","link":"https:\/\/www.ibu.pub\/index.php\/kontakt\/","title":{"rendered":"Kontakt"},"content":{"rendered":"\n<p>                                                                                                                                                                                                                                                                                                                                                                                                                                                                                                                                                                                                                                                                                                                                                                                                                                                                                               IBU to miejsce, w kt\u00f3rym za pomoc\u0105 samoobs\u0142ugowego multitapa sam sobie nalejesz piwa. Ile chcesz i jakie chcesz! Przyjd\u017a, podegustuj i odkryj w\u0142asne smaki:) Ponadto bar, drinki i dobra muzyka b\u0119d\u0105 dla Was zawsze \ud83d\ude09 <\/p>\n\n\n\n<p> Zapraszamy!<br> ekipa IBU<\/p>\n","protected":false},"excerpt":{"rendered":"<p>IBU to miejsce, w kt\u00f3rym za pomoc\u0105 samoobs\u0142ugowego multitapa sam sobie nalejesz piwa. Ile chcesz i jakie chcesz! Przyjd\u017a, podegustuj i odkryj w\u0142asne smaki:) Ponadto bar, drinki i dobra muzyka b\u0119d\u0105 dla Was zawsze \ud83d\ude09 Zapraszamy! ekipa IBU<\/p>\n","protected":false},"author":1,"featured_media":0,"parent":0,"menu_order":0,"comment_status":"closed","ping_status":"closed","template":"","meta":[],"_links":{"self":[{"href":"https:\/\/www.ibu.pub\/index.php\/wp-json\/wp\/v2\/pages\/10"}],"collection":[{"href":"https:\/\/www.ibu.pub\/index.php\/wp-json\/wp\/v2\/pages"}],"about":[{"href":"https:\/\/www.ibu.pub\/index.php\/wp-json\/wp\/v2\/types\/page"}],"author":[{"embeddable":true,"href":"https:\/\/www.ibu.pub\/index.php\/wp-json\/wp\/v2\/users\/1"}],"replies":[{"embeddable":true,"href":"https:\/\/www.ibu.pub\/index.php\/wp-json\/wp\/v2\/comments?post=10"}],"version-history":[{"count":2,"href":"https:\/\/www.ibu.pub\/index.php\/wp-json\/wp\/v2\/pages\/10\/revisions"}],"predecessor-version":[{"id":49,"href":"https:\/\/www.ibu.pub\/index.php\/wp-json\/wp\/v2\/pages\/10\/revisions\/49"}],"wp:attachment":[{"href":"https:\/\/www.ibu.pub\/index.php\/wp-json\/wp\/v2\/media?parent=10"}],"curies":[{"name":"wp","href":"https:\/\/api.w.org\/{rel}","templated":true}]}}